{"id":3465,"date":"2021-05-13T11:07:03","date_gmt":"2021-05-13T09:07:03","guid":{"rendered":"https:\/\/elya.cz\/kontakt\/"},"modified":"2026-03-31T09:37:49","modified_gmt":"2026-03-31T07:37:49","slug":"contact","status":"publish","type":"page","link":"https:\/\/elya.cz\/en\/contact\/","title":{"rendered":"Contact"},"content":{"rendered":"<section class=\"l-section wpb_row height_custom with_img\"><div class=\"l-section-img\" role=\"img\" data-img-width=\"1920\" data-img-height=\"264\" style=\"background-image: url(https:\/\/elya.cz\/wp-content\/uploads\/2021\/09\/nadpis_pozadi.png);background-repeat: no-repeat;\"><\/div><div class=\"l-section-h i-cf\"><div class=\"g-cols vc_row via_flex valign_top type_default stacking_default\"><div class=\"vc_col-sm-12 wpb_column vc_column_container\"><div class=\"vc_column-inner\"><div class=\"wpb_wrapper\"><div class=\"wpb_text_column us_custom_eb782db5 has_text_color\"><div class=\"wpb_wrapper\"><h1 style=\"text-align: center;\">Contact<\/h1>\n<\/div><\/div><\/div><\/div><\/div><\/div><\/div><\/section><section class=\"l-section wpb_row us_custom_278d8c57 height_custom\"><div class=\"l-section-overlay\" style=\"background:var(--color-header-middle-bg)\"><\/div><div class=\"l-section-h i-cf\"><div class=\"g-cols vc_row via_flex valign_top type_default stacking_default\"><div class=\"vc_col-sm-12 wpb_column vc_column_container\"><div class=\"vc_column-inner\"><div class=\"wpb_wrapper\"><div class=\"w-separator size_medium\"><\/div><div class=\"g-cols wpb_row via_flex valign_top type_default stacking_default\"><div class=\"vc_col-sm-6 wpb_column vc_column_container align-middle\"><div class=\"vc_column-inner us_custom_6a4d3d6c\"><div class=\"wpb_wrapper\"><div class=\"wpb_text_column us_custom_e6f10ff8 underline--heading has_text_color\"><div class=\"wpb_wrapper\"><h2>Contact information<\/h2>\n<\/div><\/div><div class=\"wpb_text_column us_custom_df5f4c97 has_text_color\"><div class=\"wpb_wrapper\"><p><strong>Elya Solutions s.r.o.<\/strong><br \/>\nK&nbsp;B\u00edl\u00e9mu vrchu 3172\/22<br \/>\nHorn\u00ed Po\u010dernice<br \/>\n193\u00a000 Prague<\/p>\n<\/div><\/div><div class=\"w-iconbox us_custom_a1ca644c has_text_color iconpos_left style_default color_custom align_left no_title icontype_img\"><a title=\"+420 123 456 789\" href=\"tel:+420123456789\" class=\"w-iconbox-link\" aria-label=\"fas|phone\"><div class=\"w-iconbox-icon\" style=\"font-size:17px;--icon-color:#89c449;\"><img loading=\"lazy\" decoding=\"async\" width=\"19\" height=\"19\" src=\"https:\/\/elya.cz\/wp-content\/uploads\/2021\/08\/tel.png\" class=\"attachment-full size-full\" alt=\"\" \/><\/div><\/a><div class=\"w-iconbox-meta\"><div class=\"w-iconbox-text\"><p><a href=\"tel:+420739659761\">+420&nbsp;739&nbsp;659&nbsp;761 <\/a><\/p>\n<\/div><\/div><\/div><div class=\"w-iconbox us_custom_a566e362 has_text_color iconpos_left style_default color_custom align_left no_text icontype_img\"><a title=\"info@elya.cz\" href=\"mailto:info@elya.cz\" class=\"w-iconbox-link\" aria-label=\"info@elya.cz\"><div class=\"w-iconbox-icon\" style=\"font-size:17px;--icon-color:#89c449;\"><img loading=\"lazy\" decoding=\"async\" width=\"19\" height=\"15\" src=\"https:\/\/elya.cz\/wp-content\/uploads\/2021\/08\/mail.png\" class=\"attachment-full size-full\" alt=\"\" \/><\/div><\/a><div class=\"w-iconbox-meta\"><span class=\"w-iconbox-title\" style=\"font-size:17px;\"><a title=\"info@elya.cz\" href=\"mailto:info@elya.cz\" class=\"w-iconbox-link\" aria-label=\"info@elya.cz\">info@elya.cz<\/a><\/span><\/div><\/div><\/div><\/div><\/div><div class=\"vc_col-sm-6 wpb_column vc_column_container align-middle\"><div class=\"vc_column-inner us_custom_edb423b1\"><div class=\"wpb_wrapper\"><div class=\"w-image align_none\"><div class=\"w-image-h\"><img decoding=\"async\" width=\"1024\" height=\"714\" src=\"https:\/\/elya.cz\/wp-content\/uploads\/2023\/03\/mapa_final-1024x714.jpg\" class=\"attachment-large size-large\" alt=\"\" loading=\"lazy\" srcset=\"https:\/\/elya.cz\/wp-content\/uploads\/2023\/03\/mapa_final-1024x714.jpg 1024w, https:\/\/elya.cz\/wp-content\/uploads\/2023\/03\/mapa_final-300x209.jpg 300w, https:\/\/elya.cz\/wp-content\/uploads\/2023\/03\/mapa_final-200x139.jpg 200w, https:\/\/elya.cz\/wp-content\/uploads\/2023\/03\/mapa_final-574x400.jpg 574w, https:\/\/elya.cz\/wp-content\/uploads\/2023\/03\/mapa_final.jpg 1066w\" sizes=\"auto, (max-width: 1024px) 100vw, 1024px\" \/><\/div><\/div><div class=\"w-btn-wrapper align_center\"><a class=\"w-btn us-btn-style_1 us_custom_24cae5fb contact-button\" target=\"_blank\" rel=\"nofollow\" href=\"https:\/\/goo.gl\/maps\/zf3awunGxQp5J2UP7\"><span class=\"w-btn-label\">Show on Google maps<\/span><\/a><\/div><\/div><\/div><\/div><\/div><\/div><\/div><\/div><\/div><\/div><\/section><section class=\"l-section wpb_row height_custom\"><div class=\"l-section-h i-cf\"><div class=\"g-cols vc_row via_flex valign_top type_default stacking_default\"><div class=\"vc_col-sm-1 wpb_column vc_column_container\"><div class=\"vc_column-inner us_custom_33b9ee00\"><div class=\"wpb_wrapper\"><\/div><\/div><\/div><div class=\"vc_col-sm-10 wpb_column vc_column_container\"><div class=\"vc_column-inner\"><div class=\"wpb_wrapper\"><div class=\"w-separator size_medium\"><\/div><div class=\"wpb_text_column us_custom_998f1b39 underline--heading--center\"><div class=\"wpb_wrapper\"><h2 style=\"text-align: center;\">Leave us a&nbsp;message:<\/h2>\n<\/div><\/div>\n<div class=\"wpcf7 no-js\" id=\"wpcf7-f3472-o1\" lang=\"en-US\" dir=\"ltr\" data-wpcf7-id=\"3472\">\n<div class=\"screen-reader-response\"><p role=\"status\" aria-live=\"polite\" aria-atomic=\"true\"><\/p> <ul><\/ul><\/div>\n<form action=\"\/en\/wp-json\/wp\/v2\/pages\/3465#wpcf7-f3472-o1\" method=\"post\" class=\"wpcf7-form init\" aria-label=\"Contact form\" novalidate=\"novalidate\" data-status=\"init\">\n<div style=\"display: none;\">\n<input type=\"hidden\" name=\"_wpcf7\" value=\"3472\" \/>\n<input type=\"hidden\" name=\"_wpcf7_version\" value=\"6.0.6\" \/>\n<input type=\"hidden\" name=\"_wpcf7_locale\" value=\"en_US\" \/>\n<input type=\"hidden\" name=\"_wpcf7_unit_tag\" value=\"wpcf7-f3472-o1\" \/>\n<input type=\"hidden\" name=\"_wpcf7_container_post\" value=\"0\" \/>\n<input type=\"hidden\" name=\"_wpcf7_posted_data_hash\" value=\"\" \/>\n<input type=\"hidden\" name=\"_wpcf7_recaptcha_response\" value=\"\" \/>\n<\/div>\n<div class=\"outer-wrapper\">\n<div class=\"wrapper-input\">\n\n<span style=\"font-weight: normal;color:white\">Name:*<\/span>\n<span class=\"wpcf7-form-control-wrap\" data-name=\"your-name\"><input size=\"40\" maxlength=\"400\" class=\"wpcf7-form-control wpcf7-text wpcf7-validates-as-required name\" aria-required=\"true\" aria-invalid=\"false\" placeholder=\"Name\" value=\"\" type=\"text\" name=\"your-name\" \/><\/span>\n<\/div>\n<div class=\"wrapper-input\">\n<span style=\"font-weight: normal;color:white\">Surname:*<\/span>\n<span class=\"wpcf7-form-control-wrap\" data-name=\"your-surname\"><input size=\"40\" maxlength=\"400\" class=\"wpcf7-form-control wpcf7-text wpcf7-validates-as-required surname\" aria-required=\"true\" aria-invalid=\"false\" placeholder=\"Surname\" value=\"\" type=\"text\" name=\"your-surname\" \/><\/span>\n<\/div>\n\n<div class=\"wrapper-input\">\n<span style=\"font-weight: normal;color:white\">Company:*<\/span>\n<span class=\"wpcf7-form-control-wrap\" data-name=\"your-company\"><input size=\"40\" maxlength=\"400\" class=\"wpcf7-form-control wpcf7-text wpcf7-validates-as-required company\" aria-required=\"true\" aria-invalid=\"false\" placeholder=\"Company\" value=\"\" type=\"text\" name=\"your-company\" \/><\/span>\n<\/div><\/br>\n<div class=\"wrapper-input\">\n<span style=\";font-weight: normal;color:white\">E-mail:*<\/span>\n<span class=\"wpcf7-form-control-wrap\" data-name=\"your-email\"><input size=\"40\" maxlength=\"400\" class=\"wpcf7-form-control wpcf7-email wpcf7-validates-as-required wpcf7-text wpcf7-validates-as-email\" aria-required=\"true\" aria-invalid=\"false\" placeholder=\"E-mail\" value=\"\" type=\"email\" name=\"your-email\" \/><\/span>\n<\/div>\n<div class=\"wrapper-input\">\n<span style=\"font-weight: normal;color:white\">Phone:*<\/span>\n<span class=\"wpcf7-form-control-wrap\" data-name=\"your-number\"><input size=\"40\" maxlength=\"400\" class=\"wpcf7-form-control wpcf7-text wpcf7-validates-as-required\" aria-required=\"true\" aria-invalid=\"false\" placeholder=\"Phone\" value=\"\" type=\"text\" name=\"your-number\" \/><\/span>\n<\/div>\n\n<div class=\"wrapper-input\">\n<span style=\"font-weight: normal;color:white\">I am interested in:<\/span>\n<div class='option-wrapper'><span class=\"wpcf7-form-control-wrap\" data-name=\"your-topic\"><select class=\"wpcf7-form-control wpcf7-select wpcf7-validates-as-required\" aria-required=\"true\" aria-invalid=\"false\" name=\"your-topic\"><option value=\"\">Interested in<\/option><option value=\"Plastic moulding inspection\">Plastic moulding inspection<\/option><option value=\"Head-Up Display\">Head-Up Display<\/option><option value=\"Calculations and simulations\">Calculations and simulations<\/option><option value=\"Design and construction\">Design and construction<\/option><option value=\"Software\">Software<\/option><option value=\"Other\">Other<\/option><\/select><\/span><\/div>\n<\/div>\n<\/br>\n<div class=\"wrapper-input\">\n<span style=\"font-weight: normal;color:white\">Your message:<\/span>\n<span class=\"wpcf7-form-control-wrap\" data-name=\"your-message\"><textarea cols=\"40\" rows=\"6\" maxlength=\"2000\" class=\"wpcf7-form-control wpcf7-textarea\" aria-invalid=\"false\" placeholder=\"Your message\" name=\"your-message\"><\/textarea><\/span>\n<\/div>\n<\/div><\/br>\n<div style=\"padding:1%;\">\n<label for=\"confirm\" class='confirmation' id=\"confirm_button\" style=\"font-weight: normal;color:#343646;\">\n<span class=\"wpcf7-form-control-wrap\" data-name=\"acceptance-97\"><span class=\"wpcf7-form-control wpcf7-acceptance\"><span class=\"wpcf7-list-item\"><label><input type=\"checkbox\" name=\"acceptance-97\" value=\"1\" id=\"confirm\" aria-invalid=\"false\" \/><span class=\"wpcf7-list-item-label\">By filling and submitting this form I hereby consent to the processing of my given personal data to the extent specified in the <a href=\"\/ochrana-osobnich-udaju\/\" target=\"_blank\" class=\"privacy\">Privacy Statement.<\/a><span class='checkmark'><\/span><\/span><\/label><\/span><\/span><\/span>\n<\/label><\/br>\n<\/div>\n<div style=\"padding:1%;\"><input class=\"wpcf7-form-control wpcf7-submit has-spinner\" type=\"submit\" value=\"Submit\" \/><\/div><div class=\"wpcf7-response-output\" aria-hidden=\"true\"><\/div>\n<\/form>\n<\/div>\n<\/div><\/div><\/div><div class=\"vc_col-sm-1 wpb_column vc_column_container\"><div class=\"vc_column-inner\"><div class=\"wpb_wrapper\"><\/div><\/div><\/div><\/div><\/div><\/section>\n","protected":false},"excerpt":{"rendered":"Contact Contact information Elya Solutions s.r.o. K B\u00edl\u00e9mu vrchu 3172\/22 Horn\u00ed Po\u010dernice 193\u00a000 Prague +420 739 659 761 info@elya.czShow on Google mapsLeave us a message: Name:* Surname:* Company:* E-mail:* Phone:* I am interested in: Interested inPlastic moulding inspectionHead-Up DisplayCalculations and simulationsDesign and constructionSoftwareOther Your message: By filling and submitting this form I hereby consent to...","protected":false},"author":2,"featured_media":0,"parent":0,"menu_order":0,"comment_status":"closed","ping_status":"closed","template":"","meta":{"_acf_changed":false,"footnotes":""},"class_list":["post-3465","page","type-page","status-publish","hentry"],"acf":[],"yoast_head":"<!-- This site is optimized with the Yoast SEO plugin v24.9 - https:\/\/yoast.com\/wordpress\/plugins\/seo\/ -->\n<title>Contact | Elya<\/title>\n<meta name=\"description\" content=\"Elya Solutions s.r.o. najdete v Praze, ale m\u016f\u017eete n\u00e1s kontaktovat i p\u0159es telefon nebo e-mail. R\u00e1di s v\u00e1mi v\u0161e zkonzultujeme.\" \/>\n<meta name=\"robots\" content=\"index, follow, max-snippet:-1, max-image-preview:large, max-video-preview:-1\" \/>\n<link rel=\"canonical\" href=\"https:\/\/elya.cz\/en\/contact\/\" \/>\n<meta property=\"og:locale\" content=\"en_US\" \/>\n<meta property=\"og:type\" content=\"article\" \/>\n<meta property=\"og:title\" content=\"Contact | Elya\" \/>\n<meta property=\"og:description\" content=\"Elya Solutions s.r.o. najdete v Praze, ale m\u016f\u017eete n\u00e1s kontaktovat i p\u0159es telefon nebo e-mail. R\u00e1di s v\u00e1mi v\u0161e zkonzultujeme.\" \/>\n<meta property=\"og:url\" content=\"https:\/\/elya.cz\/en\/contact\/\" \/>\n<meta property=\"og:site_name\" content=\"Elya\" \/>\n<meta property=\"article:modified_time\" content=\"2026-03-31T07:37:49+00:00\" \/>\n<meta property=\"og:image\" content=\"https:\/\/elya.cz\/wp-content\/uploads\/2025\/05\/elya-banner-scaled.jpg\" \/>\n\t<meta property=\"og:image:width\" content=\"2560\" \/>\n\t<meta property=\"og:image:height\" content=\"1707\" \/>\n\t<meta property=\"og:image:type\" content=\"image\/jpeg\" \/>\n<meta name=\"twitter:card\" content=\"summary_large_image\" \/>\n<meta name=\"twitter:label1\" content=\"Est. reading time\" \/>\n\t<meta name=\"twitter:data1\" content=\"1 minute\" \/>\n<script type=\"application\/ld+json\" class=\"yoast-schema-graph\">{\"@context\":\"https:\/\/schema.org\",\"@graph\":[{\"@type\":\"WebPage\",\"@id\":\"https:\/\/elya.cz\/en\/contact\/\",\"url\":\"https:\/\/elya.cz\/en\/contact\/\",\"name\":\"Contact | Elya\",\"isPartOf\":{\"@id\":\"https:\/\/elya.cz\/#website\"},\"datePublished\":\"2021-05-13T09:07:03+00:00\",\"dateModified\":\"2026-03-31T07:37:49+00:00\",\"description\":\"Elya Solutions s.r.o. najdete v Praze, ale m\u016f\u017eete n\u00e1s kontaktovat i p\u0159es telefon nebo e-mail. R\u00e1di s v\u00e1mi v\u0161e zkonzultujeme.\",\"breadcrumb\":{\"@id\":\"https:\/\/elya.cz\/en\/contact\/#breadcrumb\"},\"inLanguage\":\"en-US\",\"potentialAction\":[{\"@type\":\"ReadAction\",\"target\":[\"https:\/\/elya.cz\/en\/contact\/\"]}]},{\"@type\":\"BreadcrumbList\",\"@id\":\"https:\/\/elya.cz\/en\/contact\/#breadcrumb\",\"itemListElement\":[{\"@type\":\"ListItem\",\"position\":1,\"name\":\"Dom\u016f\",\"item\":\"https:\/\/elya.cz\/en\/\"},{\"@type\":\"ListItem\",\"position\":2,\"name\":\"Contact\"}]},{\"@type\":\"WebSite\",\"@id\":\"https:\/\/elya.cz\/#website\",\"url\":\"https:\/\/elya.cz\/\",\"name\":\"Elya\",\"description\":\"\",\"publisher\":{\"@id\":\"https:\/\/elya.cz\/#organization\"},\"potentialAction\":[{\"@type\":\"SearchAction\",\"target\":{\"@type\":\"EntryPoint\",\"urlTemplate\":\"https:\/\/elya.cz\/?s={search_term_string}\"},\"query-input\":{\"@type\":\"PropertyValueSpecification\",\"valueRequired\":true,\"valueName\":\"search_term_string\"}}],\"inLanguage\":\"en-US\"},{\"@type\":\"Organization\",\"@id\":\"https:\/\/elya.cz\/#organization\",\"name\":\"Elya Solutions\",\"url\":\"https:\/\/elya.cz\/\",\"logo\":{\"@type\":\"ImageObject\",\"inLanguage\":\"en-US\",\"@id\":\"https:\/\/elya.cz\/#\/schema\/logo\/image\/\",\"url\":\"https:\/\/elya.cz\/wp-content\/uploads\/2022\/04\/logo.png\",\"contentUrl\":\"https:\/\/elya.cz\/wp-content\/uploads\/2022\/04\/logo.png\",\"width\":200,\"height\":67,\"caption\":\"Elya Solutions\"},\"image\":{\"@id\":\"https:\/\/elya.cz\/#\/schema\/logo\/image\/\"}}]}<\/script>\n<!-- \/ Yoast SEO plugin. -->","yoast_head_json":{"title":"Contact | Elya","description":"Elya Solutions s.r.o. najdete v Praze, ale m\u016f\u017eete n\u00e1s kontaktovat i p\u0159es telefon nebo e-mail. R\u00e1di s v\u00e1mi v\u0161e zkonzultujeme.","robots":{"index":"index","follow":"follow","max-snippet":"max-snippet:-1","max-image-preview":"max-image-preview:large","max-video-preview":"max-video-preview:-1"},"canonical":"https:\/\/elya.cz\/en\/contact\/","og_locale":"en_US","og_type":"article","og_title":"Contact | Elya","og_description":"Elya Solutions s.r.o. najdete v Praze, ale m\u016f\u017eete n\u00e1s kontaktovat i p\u0159es telefon nebo e-mail. R\u00e1di s v\u00e1mi v\u0161e zkonzultujeme.","og_url":"https:\/\/elya.cz\/en\/contact\/","og_site_name":"Elya","article_modified_time":"2026-03-31T07:37:49+00:00","og_image":[{"width":2560,"height":1707,"url":"https:\/\/elya.cz\/wp-content\/uploads\/2025\/05\/elya-banner-scaled.jpg","type":"image\/jpeg"}],"twitter_card":"summary_large_image","twitter_misc":{"Est. reading time":"1 minute"},"schema":{"@context":"https:\/\/schema.org","@graph":[{"@type":"WebPage","@id":"https:\/\/elya.cz\/en\/contact\/","url":"https:\/\/elya.cz\/en\/contact\/","name":"Contact | Elya","isPartOf":{"@id":"https:\/\/elya.cz\/#website"},"datePublished":"2021-05-13T09:07:03+00:00","dateModified":"2026-03-31T07:37:49+00:00","description":"Elya Solutions s.r.o. najdete v Praze, ale m\u016f\u017eete n\u00e1s kontaktovat i p\u0159es telefon nebo e-mail. R\u00e1di s v\u00e1mi v\u0161e zkonzultujeme.","breadcrumb":{"@id":"https:\/\/elya.cz\/en\/contact\/#breadcrumb"},"inLanguage":"en-US","potentialAction":[{"@type":"ReadAction","target":["https:\/\/elya.cz\/en\/contact\/"]}]},{"@type":"BreadcrumbList","@id":"https:\/\/elya.cz\/en\/contact\/#breadcrumb","itemListElement":[{"@type":"ListItem","position":1,"name":"Dom\u016f","item":"https:\/\/elya.cz\/en\/"},{"@type":"ListItem","position":2,"name":"Contact"}]},{"@type":"WebSite","@id":"https:\/\/elya.cz\/#website","url":"https:\/\/elya.cz\/","name":"Elya","description":"","publisher":{"@id":"https:\/\/elya.cz\/#organization"},"potentialAction":[{"@type":"SearchAction","target":{"@type":"EntryPoint","urlTemplate":"https:\/\/elya.cz\/?s={search_term_string}"},"query-input":{"@type":"PropertyValueSpecification","valueRequired":true,"valueName":"search_term_string"}}],"inLanguage":"en-US"},{"@type":"Organization","@id":"https:\/\/elya.cz\/#organization","name":"Elya Solutions","url":"https:\/\/elya.cz\/","logo":{"@type":"ImageObject","inLanguage":"en-US","@id":"https:\/\/elya.cz\/#\/schema\/logo\/image\/","url":"https:\/\/elya.cz\/wp-content\/uploads\/2022\/04\/logo.png","contentUrl":"https:\/\/elya.cz\/wp-content\/uploads\/2022\/04\/logo.png","width":200,"height":67,"caption":"Elya Solutions"},"image":{"@id":"https:\/\/elya.cz\/#\/schema\/logo\/image\/"}}]}},"_links":{"self":[{"href":"https:\/\/elya.cz\/en\/wp-json\/wp\/v2\/pages\/3465","targetHints":{"allow":["GET"]}}],"collection":[{"href":"https:\/\/elya.cz\/en\/wp-json\/wp\/v2\/pages"}],"about":[{"href":"https:\/\/elya.cz\/en\/wp-json\/wp\/v2\/types\/page"}],"author":[{"embeddable":true,"href":"https:\/\/elya.cz\/en\/wp-json\/wp\/v2\/users\/2"}],"replies":[{"embeddable":true,"href":"https:\/\/elya.cz\/en\/wp-json\/wp\/v2\/comments?post=3465"}],"version-history":[{"count":11,"href":"https:\/\/elya.cz\/en\/wp-json\/wp\/v2\/pages\/3465\/revisions"}],"predecessor-version":[{"id":4876,"href":"https:\/\/elya.cz\/en\/wp-json\/wp\/v2\/pages\/3465\/revisions\/4876"}],"wp:attachment":[{"href":"https:\/\/elya.cz\/en\/wp-json\/wp\/v2\/media?parent=3465"}],"curies":[{"name":"wp","href":"https:\/\/api.w.org\/{rel}","templated":true}]}}