{"id":3544,"date":"2021-08-16T11:10:52","date_gmt":"2021-08-16T09:10:52","guid":{"rendered":"https:\/\/elya.cz\/reseni-pro-vedu-a-vyzkum\/tvorba-software\/"},"modified":"2023-06-07T15:48:11","modified_gmt":"2023-06-07T13:48:11","slug":"software-development","status":"publish","type":"page","link":"https:\/\/elya.cz\/en\/rd-design-and-automation\/software-development\/","title":{"rendered":"Software Development"},"content":{"rendered":"<section class=\"l-section wpb_row us_custom_c01b3057 height_custom with_img\"><div class=\"l-section-img\" role=\"img\" data-img-width=\"1519\" data-img-height=\"1013\" style=\"background-image: url(https:\/\/elya.cz\/wp-content\/uploads\/2022\/02\/software-final-1.png);background-repeat: no-repeat;\"><\/div><div class=\"l-section-overlay\" style=\"background:rgba(0,0,0,0.25)\"><\/div><div class=\"l-section-h i-cf\"><div class=\"g-cols vc_row via_flex valign_top type_default stacking_default\"><div class=\"vc_col-sm-12 wpb_column vc_column_container\"><div class=\"vc_column-inner us_custom_b48b2d62\"><div class=\"wpb_wrapper\"><div class=\"wpb_text_column us_custom_8b3d6790 underline--heading has_text_color\"><div class=\"wpb_wrapper\"><h1 style=\"text-align: left;\">SOFTWARE DEVELOPMENT<\/h1>\n<\/div><\/div><\/div><\/div><\/div><\/div><\/div><\/section><section class=\"l-section wpb_row us_custom_021f9944 height_custom\"><div class=\"l-section-h i-cf\"><div class=\"g-cols vc_row via_flex valign_top type_default stacking_default\"><div class=\"vc_col-sm-6 wpb_column vc_column_container\"><div class=\"vc_column-inner\"><div class=\"wpb_wrapper\"><div class=\"wpb_text_column us_custom_f029a2ba underline--heading\"><div class=\"wpb_wrapper\"><h2>We specialize in<\/h2>\n<\/div><\/div><div class=\"wpb_text_column\"><div class=\"wpb_wrapper\"><ul>\n<li style=\"text-align: left;\">development of simulation and computer software<\/li>\n<li style=\"text-align: left;\">software development for experimental data processing<\/li>\n<li style=\"text-align: left;\">development of control software for instruments and experiments<\/li>\n<li style=\"text-align: left;\">archiving experimental data in databases<\/li>\n<li style=\"text-align: left;\">development of related special web applications<\/li>\n<\/ul>\n<\/div><\/div><\/div><\/div><\/div><div class=\"vc_col-sm-6 wpb_column vc_column_container\"><div class=\"vc_column-inner\"><div class=\"wpb_wrapper\"><div class=\"wpb_text_column us_custom_f029a2ba underline--heading\"><div class=\"wpb_wrapper\"><h2 style=\"text-align: left;\">Programming languages and systems<\/h2>\n<\/div><\/div><div class=\"wpb_text_column\"><div class=\"wpb_wrapper\"><ul>\n<li>C, C++ &#8211; mainly for simulations<\/li>\n<li>Python &#8211; data processing, control software, archiving, but also simulations and calculations<\/li>\n<li>Matlab &#8211; mainly data processing, control software, simulations<\/li>\n<li>Delphi &#8211; mainly control software<\/li>\n<li>Java &#8211; mainly archiving and data publishing<\/li>\n<li>PHP &#8211; mainly archiving and data publishing<\/li>\n<li>MySQL, PostgreSQL databases (other databases possible too) for data archiving and publishing<\/li>\n<\/ul>\n<\/div><\/div><\/div><\/div><\/div><\/div><\/div><\/section><section class=\"l-section wpb_row us_custom_5477629e dots-background--colored height_custom\"><div class=\"l-section-h i-cf\"><div class=\"g-cols vc_row via_flex valign_top type_default stacking_default\"><div class=\"vc_col-sm-12 wpb_column vc_column_container\"><div class=\"vc_column-inner\"><div class=\"wpb_wrapper\"><div class=\"wpb_text_column us_custom_55acf35e underline--heading has_text_color\"><div class=\"wpb_wrapper\"><h2>Case Studies<\/h2>\n<\/div><\/div><div class=\"w-grid us_custom_b51c0c2f type_grid layout_146 cols_3\" id=\"us_grid_1\" style=\"--columns:3;--gap:1rem;\" data-filterable=\"true\"><style>@media (max-width:1024px){#us_grid_1{--columns:2!important}}@media (max-width:600px){#us_grid_1{--columns:1!important}}.layout_146 .w-grid-item-h{}.layout_146 .usg_post_title_1{transition-duration:0.05s;transform-origin:50% 50%;transform:scale(1) translate(0%,0%)}.layout_146 .w-grid-item-h:hover .usg_post_title_1{transform:scale(1) translate(0%,0%);opacity:1;color:#89c449!important}.layout_146 .usg_post_image_1{margin-bottom:20px!important;position:static!important;padding:0!important}.layout_146 .usg_post_title_1{font-size:20px!important;font-weight:900!important;margin-bottom:15px!important;position:static!important}<\/style><div class=\"w-grid-list\">\t<article class=\"w-grid-item size_1x1 post-3733 realizace type-realizace status-publish has-post-thumbnail hentry category-inspection-of-mouldings category-science tag-automotive-en tag-science\" data-id=\"3733\">\r\n\t\t<div class=\"w-grid-item-h\">\r\n\t\t\t\t\t\t<div class=\"w-post-elm post_image usg_post_image_1 stretched\"><a href=\"https:\/\/elya.cz\/en\/case-studies\/single-purpose-machine-for-sorting-fuel-filters-based-on-optical-analysis-extension-to-different-shapes-of-products\/\" aria-label=\"Single-purpose machine for sorting fuel filters based on optical analysis &#8211; extension to different shapes of products\"><img loading=\"lazy\" decoding=\"async\" width=\"300\" height=\"199\" src=\"https:\/\/elya.cz\/wp-content\/uploads\/2021\/07\/Jednoucelove-zarizeni-01-300x199.jpg\" class=\"attachment-medium size-medium wp-post-image\" alt=\"Jedno\u00fa\u010delov\u00e9 za\u0159\u00edzen\u00ed-01\" srcset=\"https:\/\/elya.cz\/wp-content\/uploads\/2021\/07\/Jednoucelove-zarizeni-01-300x199.jpg 300w, https:\/\/elya.cz\/wp-content\/uploads\/2021\/07\/Jednoucelove-zarizeni-01-1024x678.jpg 1024w, https:\/\/elya.cz\/wp-content\/uploads\/2021\/07\/Jednoucelove-zarizeni-01-200x132.jpg 200w, https:\/\/elya.cz\/wp-content\/uploads\/2021\/07\/Jednoucelove-zarizeni-01-600x397.jpg 600w, https:\/\/elya.cz\/wp-content\/uploads\/2021\/07\/Jednoucelove-zarizeni-01.jpg 1668w\" sizes=\"auto, (max-width: 300px) 100vw, 300px\" \/><\/a><\/div><h4 class=\"w-post-elm post_title usg_post_title_1 entry-title color_link_inherit\"><a href=\"https:\/\/elya.cz\/en\/case-studies\/single-purpose-machine-for-sorting-fuel-filters-based-on-optical-analysis-extension-to-different-shapes-of-products\/\">Single-purpose machine for sorting fuel filters based on optical analysis &#8211; extension to different shapes of products<\/a><\/h4><div class=\"w-post-elm post_custom_field usg_post_custom_field_1 type_text obsah color_link_inherit\"><a href=\"https:\/\/elya.cz\/en\/case-studies\/single-purpose-machine-for-sorting-fuel-filters-based-on-optical-analysis-extension-to-different-shapes-of-products\/\"><span class=\"w-post-elm-value\">Repeat delivery of a single-purpose machine with an extension to different types of the fuel filters. At the same time, the existing requirements for high machine speed (1 pcs\/1 sec), loading capacity and reliability requirements for optical inspection had to be met. <\/span><\/a><\/div><div class=\"w-html usg_html_1\"><style>\n\th1::after{\n\t\tdisplay:none\n\t}\n<\/style><\/div>\t\t<\/div>\r\n\t\t\t<\/article>\r\n\t<article class=\"w-grid-item size_1x1 post-3730 realizace type-realizace status-publish has-post-thumbnail hentry category-science tag-science tag-veda\" data-id=\"3730\">\r\n\t\t<div class=\"w-grid-item-h\">\r\n\t\t\t\t\t\t<div class=\"w-post-elm post_image usg_post_image_1 stretched\"><a href=\"https:\/\/elya.cz\/en\/case-studies\/interchangeable-hi-speed-and-hi-resolution-x-ray-detectors\/\" aria-label=\"Interchangeable hi-speed and hi-resolution X-ray detectors\"><img loading=\"lazy\" decoding=\"async\" width=\"300\" height=\"199\" src=\"https:\/\/elya.cz\/wp-content\/uploads\/2021\/02\/Instalace-white-beam-imaging-systemu-na-synchrotronu-01-300x199.jpg\" class=\"attachment-medium size-medium wp-post-image\" alt=\"Instalace white beam imaging syst\u00e9mu na synchrotronu-01\" srcset=\"https:\/\/elya.cz\/wp-content\/uploads\/2021\/02\/Instalace-white-beam-imaging-systemu-na-synchrotronu-01-300x199.jpg 300w, https:\/\/elya.cz\/wp-content\/uploads\/2021\/02\/Instalace-white-beam-imaging-systemu-na-synchrotronu-01-1024x678.jpg 1024w, https:\/\/elya.cz\/wp-content\/uploads\/2021\/02\/Instalace-white-beam-imaging-systemu-na-synchrotronu-01-200x132.jpg 200w, https:\/\/elya.cz\/wp-content\/uploads\/2021\/02\/Instalace-white-beam-imaging-systemu-na-synchrotronu-01-600x397.jpg 600w, https:\/\/elya.cz\/wp-content\/uploads\/2021\/02\/Instalace-white-beam-imaging-systemu-na-synchrotronu-01.jpg 1668w\" sizes=\"auto, (max-width: 300px) 100vw, 300px\" \/><\/a><\/div><h4 class=\"w-post-elm post_title usg_post_title_1 entry-title color_link_inherit\"><a href=\"https:\/\/elya.cz\/en\/case-studies\/interchangeable-hi-speed-and-hi-resolution-x-ray-detectors\/\">Interchangeable hi-speed and hi-resolution X-ray detectors<\/a><\/h4><div class=\"w-post-elm post_custom_field usg_post_custom_field_1 type_text obsah color_link_inherit\"><a href=\"https:\/\/elya.cz\/en\/case-studies\/interchangeable-hi-speed-and-hi-resolution-x-ray-detectors\/\"><span class=\"w-post-elm-value\">For the operational needs of the ANKA synchrotron, a pair of interchangeable X-ray detectors, one with high resolution and the other with high numerical aperture, has been developed.<\/span><\/a><\/div><div class=\"w-html usg_html_1\"><style>\n\th1::after{\n\t\tdisplay:none\n\t}\n<\/style><\/div>\t\t<\/div>\r\n\t\t\t<\/article>\r\n\t<article class=\"w-grid-item size_1x1 post-3721 realizace type-realizace status-publish has-post-thumbnail hentry category-science tag-science tag-veda\" data-id=\"3721\">\r\n\t\t<div class=\"w-grid-item-h\">\r\n\t\t\t\t\t\t<div class=\"w-post-elm post_image usg_post_image_1 stretched\"><a href=\"https:\/\/elya.cz\/en\/case-studies\/badal-optometer-for-the-biotechnology-industry\/\" aria-label=\"Badal optometer for the biotechnology industry\"><img loading=\"lazy\" decoding=\"async\" width=\"300\" height=\"199\" src=\"https:\/\/elya.cz\/wp-content\/uploads\/2017\/09\/Badalovsky-optometr-pro-biotechnologicky-prumysl-01-300x199.jpg\" class=\"attachment-medium size-medium wp-post-image\" alt=\"Badalovsk\u00fd optometr pro biotechnologick\u00fd pr\u016fmysl-01\" srcset=\"https:\/\/elya.cz\/wp-content\/uploads\/2017\/09\/Badalovsky-optometr-pro-biotechnologicky-prumysl-01-300x199.jpg 300w, https:\/\/elya.cz\/wp-content\/uploads\/2017\/09\/Badalovsky-optometr-pro-biotechnologicky-prumysl-01-1024x678.jpg 1024w, https:\/\/elya.cz\/wp-content\/uploads\/2017\/09\/Badalovsky-optometr-pro-biotechnologicky-prumysl-01-200x132.jpg 200w, https:\/\/elya.cz\/wp-content\/uploads\/2017\/09\/Badalovsky-optometr-pro-biotechnologicky-prumysl-01-600x397.jpg 600w, https:\/\/elya.cz\/wp-content\/uploads\/2017\/09\/Badalovsky-optometr-pro-biotechnologicky-prumysl-01.jpg 1668w\" sizes=\"auto, (max-width: 300px) 100vw, 300px\" \/><\/a><\/div><h4 class=\"w-post-elm post_title usg_post_title_1 entry-title color_link_inherit\"><a href=\"https:\/\/elya.cz\/en\/case-studies\/badal-optometer-for-the-biotechnology-industry\/\">Badal optometer for the biotechnology industry<\/a><\/h4><div class=\"w-post-elm post_custom_field usg_post_custom_field_1 type_text obsah color_link_inherit\"><a href=\"https:\/\/elya.cz\/en\/case-studies\/badal-optometer-for-the-biotechnology-industry\/\"><span class=\"w-post-elm-value\">Optical table with shield and assembly consisting of an intraocular lens, camera and carriages for testing of the resolution and dioptres. The optometer scans the position and rotation of the lens. The output is an image with an automatic evaluation of the quality of the lens resolution for different object distances. <\/span><\/a><\/div><div class=\"w-html usg_html_1\"><style>\n\th1::after{\n\t\tdisplay:none\n\t}\n<\/style><\/div>\t\t<\/div>\r\n\t\t\t<\/article>\r\n<\/div><div class=\"w-grid-preloader\">\t<div class=\"g-preloader type_1\">\r\n\t\t<div><\/div>\r\n\t<\/div>\r\n\t<\/div>\t<div class=\"w-grid-json hidden\" onclick='return {&quot;action&quot;:&quot;us_ajax_grid&quot;,&quot;infinite_scroll&quot;:0,&quot;max_num_pages&quot;:4,&quot;pagination&quot;:&quot;none&quot;,&quot;template_vars&quot;:{&quot;columns&quot;:&quot;3&quot;,&quot;exclude_items&quot;:&quot;none&quot;,&quot;img_size&quot;:&quot;default&quot;,&quot;ignore_items_size&quot;:0,&quot;items_layout&quot;:&quot;146&quot;,&quot;items_offset&quot;:&quot;1&quot;,&quot;load_animation&quot;:&quot;none&quot;,&quot;overriding_link&quot;:&quot;{\\&quot;url\\&quot;:\\&quot;\\&quot;}&quot;,&quot;post_id&quot;:0,&quot;query_args&quot;:{&quot;post_type&quot;:[&quot;realizace&quot;],&quot;tax_query&quot;:[{&quot;taxonomy&quot;:&quot;category&quot;,&quot;field&quot;:&quot;slug&quot;,&quot;terms&quot;:[&quot;veda&quot;]}],&quot;post_status&quot;:[&quot;publish&quot;,&quot;acf-disabled&quot;],&quot;posts_per_page&quot;:&quot;3&quot;},&quot;orderby_query_args&quot;:{&quot;orderby&quot;:{&quot;date&quot;:&quot;DESC&quot;}},&quot;type&quot;:&quot;grid&quot;,&quot;us_grid_post_type&quot;:&quot;realizace&quot;,&quot;us_grid_ajax_index&quot;:1,&quot;us_grid_filter_query_string&quot;:null,&quot;us_grid_index&quot;:1,&quot;page_args&quot;:[],&quot;lang&quot;:&quot;en&quot;}}'><\/div>\r\n\t<\/div><div class=\"w-btn-wrapper align_center\"><a class=\"w-btn us-btn-style_1 us_custom_b2452879\" title=\"Novinky\" href=\"\/vsechny-realizace\/\"><span class=\"w-btn-label\">All Case Studies<\/span><\/a><\/div><div class=\"w-image cary align_none\" id=\"cary\"><div class=\"w-image-h\"><img decoding=\"async\" width=\"294\" height=\"229\" src=\"https:\/\/elya.cz\/wp-content\/uploads\/2021\/08\/Cary.png\" class=\"attachment-full size-full\" alt=\"\" loading=\"lazy\" srcset=\"https:\/\/elya.cz\/wp-content\/uploads\/2021\/08\/Cary.png 294w, https:\/\/elya.cz\/wp-content\/uploads\/2021\/08\/Cary-193x150.png 193w\" sizes=\"auto, (max-width: 294px) 100vw, 294px\" \/><\/div><\/div><\/div><\/div><\/div><\/div><\/div><\/section><section class=\"l-section wpb_row height_custom with_img\"><div class=\"l-section-img\" role=\"img\" data-img-width=\"1920\" data-img-height=\"198\" style=\"background-image: url(https:\/\/elya.cz\/wp-content\/uploads\/2022\/04\/hud-elya.jpg);background-repeat: no-repeat;\"><\/div><div class=\"l-section-h i-cf\"><div class=\"g-cols vc_row via_flex valign_top type_default stacking_default\"><div class=\"vc_col-sm-8 wpb_column vc_column_container\"><div class=\"vc_column-inner\"><div class=\"wpb_wrapper\"><div class=\"wpb_text_column us_custom_76f87e78 has_text_color\"><div class=\"wpb_wrapper\"><h3>I would like to receive more information by email<\/h3>\n<\/div><\/div><\/div><\/div><\/div><div class=\"vc_col-sm-4 wpb_column vc_column_container\"><div class=\"vc_column-inner\"><div class=\"wpb_wrapper\"><div class=\"w-btn-wrapper align_center\"><a class=\"w-btn us-btn-style_1 us_custom_eb849559 spu-open-3496 icon_atleft\" href=\"#\"><i class=\"fas fa-pen-nib\"><\/i><span class=\"w-btn-label\">Enquire Now<\/span><\/a><\/div><\/div><\/div><\/div><div class=\"vc_col-sm-12 wpb_column vc_column_container\"><div class=\"vc_column-inner\"><div class=\"wpb_wrapper\"><\/div><\/div><\/div><\/div><\/div><\/section>\n","protected":false},"excerpt":{"rendered":"Badal optometer for the biotechnology industry September 6, 2017Optical table with shield and assembly consisting of an intraocular lens, camera and carriages for testing of the resolution and dioptres. The optometer scans the position and rotation of the lens. The output is an image with an automatic evaluation of the quality of the lens resolution...","protected":false},"author":1,"featured_media":0,"parent":3530,"menu_order":3,"comment_status":"closed","ping_status":"closed","template":"","meta":{"_acf_changed":false,"footnotes":""},"class_list":["post-3544","page","type-page","status-publish","hentry"],"acf":[],"yoast_head":"<!-- This site is optimized with the Yoast SEO plugin v24.9 - https:\/\/yoast.com\/wordpress\/plugins\/seo\/ -->\n<title>Software Development | Elya<\/title>\n<meta name=\"description\" content=\"Specializujeme se na tvorbu simula\u010dn\u00edho a v\u00fdpo\u010detn\u00edho software, tvorbu software pro zpracov\u00e1n\u00ed experiment\u00e1ln\u00edch dat, tvorbu \u0159\u00edd\u00edc\u00edho software k p\u0159\u00edstroj\u016fm a experiment\u016fm, archivaci experiment\u00e1ln\u00edch dat v datab\u00e1z\u00edch, tvorbu souvisej\u00edc\u00edch speci\u00e1ln\u00edch webov\u00fdch aplikac\u00ed\" \/>\n<meta name=\"robots\" content=\"index, follow, max-snippet:-1, max-image-preview:large, max-video-preview:-1\" \/>\n<link rel=\"canonical\" href=\"https:\/\/elya.cz\/en\/rd-design-and-automation\/software-development\/\" \/>\n<meta property=\"og:locale\" content=\"en_US\" \/>\n<meta property=\"og:type\" content=\"article\" \/>\n<meta property=\"og:title\" content=\"Software Development | Elya\" \/>\n<meta property=\"og:description\" content=\"Specializujeme se na tvorbu simula\u010dn\u00edho a v\u00fdpo\u010detn\u00edho software, tvorbu software pro zpracov\u00e1n\u00ed experiment\u00e1ln\u00edch dat, tvorbu \u0159\u00edd\u00edc\u00edho software k p\u0159\u00edstroj\u016fm a experiment\u016fm, archivaci experiment\u00e1ln\u00edch dat v datab\u00e1z\u00edch, tvorbu souvisej\u00edc\u00edch speci\u00e1ln\u00edch webov\u00fdch aplikac\u00ed\" \/>\n<meta property=\"og:url\" content=\"https:\/\/elya.cz\/en\/rd-design-and-automation\/software-development\/\" \/>\n<meta property=\"og:site_name\" content=\"Elya\" \/>\n<meta property=\"article:modified_time\" content=\"2023-06-07T13:48:11+00:00\" \/>\n<meta property=\"og:image\" content=\"https:\/\/elya.cz\/wp-content\/uploads\/2022\/04\/elya-solutions-share.jpg\" \/>\n\t<meta property=\"og:image:width\" content=\"1200\" \/>\n\t<meta property=\"og:image:height\" content=\"630\" \/>\n\t<meta property=\"og:image:type\" content=\"image\/jpeg\" \/>\n<meta name=\"twitter:card\" content=\"summary_large_image\" \/>\n<meta name=\"twitter:label1\" content=\"Est. reading time\" \/>\n\t<meta name=\"twitter:data1\" content=\"1 minute\" \/>\n<script type=\"application\/ld+json\" class=\"yoast-schema-graph\">{\"@context\":\"https:\/\/schema.org\",\"@graph\":[{\"@type\":\"WebPage\",\"@id\":\"https:\/\/elya.cz\/en\/rd-design-and-automation\/software-development\/\",\"url\":\"https:\/\/elya.cz\/en\/rd-design-and-automation\/software-development\/\",\"name\":\"Software Development | Elya\",\"isPartOf\":{\"@id\":\"https:\/\/elya.cz\/#website\"},\"datePublished\":\"2021-08-16T09:10:52+00:00\",\"dateModified\":\"2023-06-07T13:48:11+00:00\",\"description\":\"Specializujeme se na tvorbu simula\u010dn\u00edho a v\u00fdpo\u010detn\u00edho software, tvorbu software pro zpracov\u00e1n\u00ed experiment\u00e1ln\u00edch dat, tvorbu \u0159\u00edd\u00edc\u00edho software k p\u0159\u00edstroj\u016fm a experiment\u016fm, archivaci experiment\u00e1ln\u00edch dat v datab\u00e1z\u00edch, tvorbu souvisej\u00edc\u00edch speci\u00e1ln\u00edch webov\u00fdch aplikac\u00ed\",\"breadcrumb\":{\"@id\":\"https:\/\/elya.cz\/en\/rd-design-and-automation\/software-development\/#breadcrumb\"},\"inLanguage\":\"en-US\",\"potentialAction\":[{\"@type\":\"ReadAction\",\"target\":[\"https:\/\/elya.cz\/en\/rd-design-and-automation\/software-development\/\"]}]},{\"@type\":\"BreadcrumbList\",\"@id\":\"https:\/\/elya.cz\/en\/rd-design-and-automation\/software-development\/#breadcrumb\",\"itemListElement\":[{\"@type\":\"ListItem\",\"position\":1,\"name\":\"Dom\u016f\",\"item\":\"https:\/\/elya.cz\/en\/\"},{\"@type\":\"ListItem\",\"position\":2,\"name\":\"R&#038;D, Design &#038; Automation\",\"item\":\"https:\/\/elya.cz\/en\/?page_id=3530\"},{\"@type\":\"ListItem\",\"position\":3,\"name\":\"Software Development\"}]},{\"@type\":\"WebSite\",\"@id\":\"https:\/\/elya.cz\/#website\",\"url\":\"https:\/\/elya.cz\/\",\"name\":\"Elya\",\"description\":\"\",\"publisher\":{\"@id\":\"https:\/\/elya.cz\/#organization\"},\"potentialAction\":[{\"@type\":\"SearchAction\",\"target\":{\"@type\":\"EntryPoint\",\"urlTemplate\":\"https:\/\/elya.cz\/?s={search_term_string}\"},\"query-input\":{\"@type\":\"PropertyValueSpecification\",\"valueRequired\":true,\"valueName\":\"search_term_string\"}}],\"inLanguage\":\"en-US\"},{\"@type\":\"Organization\",\"@id\":\"https:\/\/elya.cz\/#organization\",\"name\":\"Elya Solutions\",\"url\":\"https:\/\/elya.cz\/\",\"logo\":{\"@type\":\"ImageObject\",\"inLanguage\":\"en-US\",\"@id\":\"https:\/\/elya.cz\/#\/schema\/logo\/image\/\",\"url\":\"https:\/\/elya.cz\/wp-content\/uploads\/2022\/04\/logo.png\",\"contentUrl\":\"https:\/\/elya.cz\/wp-content\/uploads\/2022\/04\/logo.png\",\"width\":200,\"height\":67,\"caption\":\"Elya Solutions\"},\"image\":{\"@id\":\"https:\/\/elya.cz\/#\/schema\/logo\/image\/\"}}]}<\/script>\n<!-- \/ Yoast SEO plugin. -->","yoast_head_json":{"title":"Software Development | Elya","description":"Specializujeme se na tvorbu simula\u010dn\u00edho a v\u00fdpo\u010detn\u00edho software, tvorbu software pro zpracov\u00e1n\u00ed experiment\u00e1ln\u00edch dat, tvorbu \u0159\u00edd\u00edc\u00edho software k p\u0159\u00edstroj\u016fm a experiment\u016fm, archivaci experiment\u00e1ln\u00edch dat v datab\u00e1z\u00edch, tvorbu souvisej\u00edc\u00edch speci\u00e1ln\u00edch webov\u00fdch aplikac\u00ed","robots":{"index":"index","follow":"follow","max-snippet":"max-snippet:-1","max-image-preview":"max-image-preview:large","max-video-preview":"max-video-preview:-1"},"canonical":"https:\/\/elya.cz\/en\/rd-design-and-automation\/software-development\/","og_locale":"en_US","og_type":"article","og_title":"Software Development | Elya","og_description":"Specializujeme se na tvorbu simula\u010dn\u00edho a v\u00fdpo\u010detn\u00edho software, tvorbu software pro zpracov\u00e1n\u00ed experiment\u00e1ln\u00edch dat, tvorbu \u0159\u00edd\u00edc\u00edho software k p\u0159\u00edstroj\u016fm a experiment\u016fm, archivaci experiment\u00e1ln\u00edch dat v datab\u00e1z\u00edch, tvorbu souvisej\u00edc\u00edch speci\u00e1ln\u00edch webov\u00fdch aplikac\u00ed","og_url":"https:\/\/elya.cz\/en\/rd-design-and-automation\/software-development\/","og_site_name":"Elya","article_modified_time":"2023-06-07T13:48:11+00:00","og_image":[{"width":1200,"height":630,"url":"https:\/\/elya.cz\/wp-content\/uploads\/2022\/04\/elya-solutions-share.jpg","type":"image\/jpeg"}],"twitter_card":"summary_large_image","twitter_misc":{"Est. reading time":"1 minute"},"schema":{"@context":"https:\/\/schema.org","@graph":[{"@type":"WebPage","@id":"https:\/\/elya.cz\/en\/rd-design-and-automation\/software-development\/","url":"https:\/\/elya.cz\/en\/rd-design-and-automation\/software-development\/","name":"Software Development | Elya","isPartOf":{"@id":"https:\/\/elya.cz\/#website"},"datePublished":"2021-08-16T09:10:52+00:00","dateModified":"2023-06-07T13:48:11+00:00","description":"Specializujeme se na tvorbu simula\u010dn\u00edho a v\u00fdpo\u010detn\u00edho software, tvorbu software pro zpracov\u00e1n\u00ed experiment\u00e1ln\u00edch dat, tvorbu \u0159\u00edd\u00edc\u00edho software k p\u0159\u00edstroj\u016fm a experiment\u016fm, archivaci experiment\u00e1ln\u00edch dat v datab\u00e1z\u00edch, tvorbu souvisej\u00edc\u00edch speci\u00e1ln\u00edch webov\u00fdch aplikac\u00ed","breadcrumb":{"@id":"https:\/\/elya.cz\/en\/rd-design-and-automation\/software-development\/#breadcrumb"},"inLanguage":"en-US","potentialAction":[{"@type":"ReadAction","target":["https:\/\/elya.cz\/en\/rd-design-and-automation\/software-development\/"]}]},{"@type":"BreadcrumbList","@id":"https:\/\/elya.cz\/en\/rd-design-and-automation\/software-development\/#breadcrumb","itemListElement":[{"@type":"ListItem","position":1,"name":"Dom\u016f","item":"https:\/\/elya.cz\/en\/"},{"@type":"ListItem","position":2,"name":"R&#038;D, Design &#038; Automation","item":"https:\/\/elya.cz\/en\/?page_id=3530"},{"@type":"ListItem","position":3,"name":"Software Development"}]},{"@type":"WebSite","@id":"https:\/\/elya.cz\/#website","url":"https:\/\/elya.cz\/","name":"Elya","description":"","publisher":{"@id":"https:\/\/elya.cz\/#organization"},"potentialAction":[{"@type":"SearchAction","target":{"@type":"EntryPoint","urlTemplate":"https:\/\/elya.cz\/?s={search_term_string}"},"query-input":{"@type":"PropertyValueSpecification","valueRequired":true,"valueName":"search_term_string"}}],"inLanguage":"en-US"},{"@type":"Organization","@id":"https:\/\/elya.cz\/#organization","name":"Elya Solutions","url":"https:\/\/elya.cz\/","logo":{"@type":"ImageObject","inLanguage":"en-US","@id":"https:\/\/elya.cz\/#\/schema\/logo\/image\/","url":"https:\/\/elya.cz\/wp-content\/uploads\/2022\/04\/logo.png","contentUrl":"https:\/\/elya.cz\/wp-content\/uploads\/2022\/04\/logo.png","width":200,"height":67,"caption":"Elya Solutions"},"image":{"@id":"https:\/\/elya.cz\/#\/schema\/logo\/image\/"}}]}},"_links":{"self":[{"href":"https:\/\/elya.cz\/en\/wp-json\/wp\/v2\/pages\/3544","targetHints":{"allow":["GET"]}}],"collection":[{"href":"https:\/\/elya.cz\/en\/wp-json\/wp\/v2\/pages"}],"about":[{"href":"https:\/\/elya.cz\/en\/wp-json\/wp\/v2\/types\/page"}],"author":[{"embeddable":true,"href":"https:\/\/elya.cz\/en\/wp-json\/wp\/v2\/users\/1"}],"replies":[{"embeddable":true,"href":"https:\/\/elya.cz\/en\/wp-json\/wp\/v2\/comments?post=3544"}],"version-history":[{"count":6,"href":"https:\/\/elya.cz\/en\/wp-json\/wp\/v2\/pages\/3544\/revisions"}],"predecessor-version":[{"id":3749,"href":"https:\/\/elya.cz\/en\/wp-json\/wp\/v2\/pages\/3544\/revisions\/3749"}],"up":[{"embeddable":true,"href":"https:\/\/elya.cz\/en\/wp-json\/wp\/v2\/pages\/3530"}],"wp:attachment":[{"href":"https:\/\/elya.cz\/en\/wp-json\/wp\/v2\/media?parent=3544"}],"curies":[{"name":"wp","href":"https:\/\/api.w.org\/{rel}","templated":true}]}}